{"id":1333,"date":"2025-12-21T18:01:39","date_gmt":"2025-12-21T17:01:39","guid":{"rendered":"https:\/\/staging.schuetzenverein-sudendorf-schierloh.de\/?page_id=1333"},"modified":"2026-02-15T21:44:42","modified_gmt":"2026-02-15T20:44:42","slug":"piele-werver-dart","status":"publish","type":"page","link":"https:\/\/schuetzenverein-sudendorf-schierloh.de\/?page_id=1333","title":{"rendered":"Piele-Werver (Dart)"},"content":{"rendered":"\n<figure class=\"wp-block-image size-full\"><img loading=\"lazy\" decoding=\"async\" width=\"716\" height=\"132\" src=\"https:\/\/schuetzenverein-sudendorf-schierloh.de\/wp-content\/uploads\/2025\/12\/Glanneruper_Piele-Werver_1.jpg\" alt=\"\" class=\"wp-image-1342\" srcset=\"https:\/\/schuetzenverein-sudendorf-schierloh.de\/wp-content\/uploads\/2025\/12\/Glanneruper_Piele-Werver_1.jpg 716w, https:\/\/schuetzenverein-sudendorf-schierloh.de\/wp-content\/uploads\/2025\/12\/Glanneruper_Piele-Werver_1-300x55.jpg 300w\" sizes=\"auto, (max-width: 716px) 100vw, 716px\" \/><\/figure>\n\n\n\n<p class=\"has-small-font-size\">November 2025<\/p>\n\n\n\n<h2 class=\"wp-block-heading\">SC Glandorf und BSV Sudendorf-Schierloh unterzeichnen einen Kooperationsvertrag und gr\u00fcnden neue Abteilung f\u00fcr Darts-Sport<\/h2>\n\n\n\n<p class=\"has-medium-font-size\">P\u00fcnktlich zur anstehenden Darts-WM wird gestartet. Nach einer langen Planungsphase freuen sich Timo Hengelsheide vom SC Glandorf und Leon Potthoff vom BSV Sudendorf-Schierloh \u00fcber die Gr\u00fcndung einer gemeinsamen Abteilung f\u00fcr den Darts-Sport auf einer extra neu eingerichteten Darts-Bahn im \u201eAlly Pally\u201c in Sudendorf-Schierloh.<br><\/p>\n\n\n\n<h2 class=\"wp-block-heading\">Die Trainingsabende<\/h2>\n\n\n\n<p class=\"has-medium-font-size\">Angesprochen werden Glandorfer aller Altersklassen, die Interesse haben, diesen Sport als Hobby f\u00fcr sich zu entdecken, sowie die, die ihr K\u00f6nnen perfektionieren m\u00f6chten.<\/p>\n\n\n\n<figure class=\"wp-block-table\"><table class=\"has-fixed-layout\"><tbody><tr><td><strong>Wann?<\/strong><\/td><td><strong>w\u00f6chentlich dienstags von 19.00 Uhr bis 22.00 Uhr<\/strong><\/td><\/tr><tr><td><strong>Wo?<\/strong><\/td><td><strong>im Sch\u00fctzenhaus in Sudendorf-Schierloh<\/strong><\/td><\/tr><tr><td><strong>Wer?<\/strong><\/td><td><strong>Alle Neugierigen sind herzlich Willkommen!<\/strong><\/td><\/tr><tr><td><strong>Was ist noch wichtig?<\/strong><\/td><td><strong>F\u00fcr die Anf\u00e4nger sind Probepfeile vorhanden<\/strong><\/td><\/tr><\/tbody><\/table><\/figure>\n\n\n\n<p class=\"has-medium-font-size\">Abteilungsleiter und Ansprechpartner:<\/p>\n\n\n\n<figure class=\"wp-block-table is-style-regular\"><table class=\"has-fixed-layout\"><tbody><tr><td><strong>SC Glandorf<\/strong><\/td><td><strong>Timo Hengelsheide<\/strong><\/td><\/tr><\/tbody><\/table><\/figure>\n\n\n\n<ul class=\"wp-block-social-links has-visible-labels has-icon-color has-icon-background-color is-style-pill-shape is-content-justification-center is-layout-flex wp-container-core-social-links-is-layout-5590e8cb wp-block-social-links-is-layout-flex\"><li style=\"color:#003307;background-color:#0033072b;\" class=\"wp-social-link wp-social-link-whatsapp  wp-block-social-link\"><a rel=\"noopener nofollow\" target=\"_blank\" href=\"https:\/\/wa.me\/491637898892\" class=\"wp-block-social-link-anchor\"><svg width=\"24\" height=\"24\" viewBox=\"0 0 24 24\" version=\"1.1\" xmlns=\"http:\/\/www.w3.org\/2000\/svg\" aria-hidden=\"true\" focusable=\"false\"><path d=\"M 12.011719 2 C 6.5057187 2 2.0234844 6.478375 2.0214844 11.984375 C 2.0204844 13.744375 2.4814687 15.462563 3.3554688 16.976562 L 2 22 L 7.2324219 20.763672 C 8.6914219 21.559672 10.333859 21.977516 12.005859 21.978516 L 12.009766 21.978516 C 17.514766 21.978516 21.995047 17.499141 21.998047 11.994141 C 22.000047 9.3251406 20.962172 6.8157344 19.076172 4.9277344 C 17.190172 3.0407344 14.683719 2.001 12.011719 2 z M 12.009766 4 C 14.145766 4.001 16.153109 4.8337969 17.662109 6.3417969 C 19.171109 7.8517969 20.000047 9.8581875 19.998047 11.992188 C 19.996047 16.396187 16.413812 19.978516 12.007812 19.978516 C 10.674812 19.977516 9.3544062 19.642812 8.1914062 19.007812 L 7.5175781 18.640625 L 6.7734375 18.816406 L 4.8046875 19.28125 L 5.2851562 17.496094 L 5.5019531 16.695312 L 5.0878906 15.976562 C 4.3898906 14.768562 4.0204844 13.387375 4.0214844 11.984375 C 4.0234844 7.582375 7.6067656 4 12.009766 4 z M 8.4765625 7.375 C 8.3095625 7.375 8.0395469 7.4375 7.8105469 7.6875 C 7.5815469 7.9365 6.9355469 8.5395781 6.9355469 9.7675781 C 6.9355469 10.995578 7.8300781 12.182609 7.9550781 12.349609 C 8.0790781 12.515609 9.68175 15.115234 12.21875 16.115234 C 14.32675 16.946234 14.754891 16.782234 15.212891 16.740234 C 15.670891 16.699234 16.690438 16.137687 16.898438 15.554688 C 17.106437 14.971687 17.106922 14.470187 17.044922 14.367188 C 16.982922 14.263188 16.816406 14.201172 16.566406 14.076172 C 16.317406 13.951172 15.090328 13.348625 14.861328 13.265625 C 14.632328 13.182625 14.464828 13.140625 14.298828 13.390625 C 14.132828 13.640625 13.655766 14.201187 13.509766 14.367188 C 13.363766 14.534188 13.21875 14.556641 12.96875 14.431641 C 12.71875 14.305641 11.914938 14.041406 10.960938 13.191406 C 10.218937 12.530406 9.7182656 11.714844 9.5722656 11.464844 C 9.4272656 11.215844 9.5585938 11.079078 9.6835938 10.955078 C 9.7955938 10.843078 9.9316406 10.663578 10.056641 10.517578 C 10.180641 10.371578 10.223641 10.267562 10.306641 10.101562 C 10.389641 9.9355625 10.347156 9.7890625 10.285156 9.6640625 C 10.223156 9.5390625 9.737625 8.3065 9.515625 7.8125 C 9.328625 7.3975 9.131125 7.3878594 8.953125 7.3808594 C 8.808125 7.3748594 8.6425625 7.375 8.4765625 7.375 z\"><\/path><\/svg><span class=\"wp-block-social-link-label\">Timo Hengelsheide (01637898892)<\/span><\/a><\/li><\/ul>\n\n\n\n<div style=\"height:57px\" aria-hidden=\"true\" class=\"wp-block-spacer\"><\/div>\n\n\n\n<figure class=\"wp-block-table is-style-regular\"><table class=\"has-fixed-layout\"><tbody><tr><td><strong>BSV Sudendorf-Schierloh<\/strong><\/td><td><strong>Leon Potthoff<\/strong><\/td><\/tr><\/tbody><\/table><\/figure>\n\n\n\n<ul class=\"wp-block-social-links has-visible-labels has-icon-color has-icon-background-color is-content-justification-center is-layout-flex wp-container-core-social-links-is-layout-16018d1d wp-block-social-links-is-layout-flex\"><li style=\"color:#003307;background-color:#0033072b;\" class=\"wp-social-link wp-social-link-whatsapp  wp-block-social-link\"><a rel=\"noopener nofollow\" target=\"_blank\" href=\"https:\/\/wa.me\/491713022267\" class=\"wp-block-social-link-anchor\"><svg width=\"24\" height=\"24\" viewBox=\"0 0 24 24\" version=\"1.1\" xmlns=\"http:\/\/www.w3.org\/2000\/svg\" aria-hidden=\"true\" focusable=\"false\"><path d=\"M 12.011719 2 C 6.5057187 2 2.0234844 6.478375 2.0214844 11.984375 C 2.0204844 13.744375 2.4814687 15.462563 3.3554688 16.976562 L 2 22 L 7.2324219 20.763672 C 8.6914219 21.559672 10.333859 21.977516 12.005859 21.978516 L 12.009766 21.978516 C 17.514766 21.978516 21.995047 17.499141 21.998047 11.994141 C 22.000047 9.3251406 20.962172 6.8157344 19.076172 4.9277344 C 17.190172 3.0407344 14.683719 2.001 12.011719 2 z M 12.009766 4 C 14.145766 4.001 16.153109 4.8337969 17.662109 6.3417969 C 19.171109 7.8517969 20.000047 9.8581875 19.998047 11.992188 C 19.996047 16.396187 16.413812 19.978516 12.007812 19.978516 C 10.674812 19.977516 9.3544062 19.642812 8.1914062 19.007812 L 7.5175781 18.640625 L 6.7734375 18.816406 L 4.8046875 19.28125 L 5.2851562 17.496094 L 5.5019531 16.695312 L 5.0878906 15.976562 C 4.3898906 14.768562 4.0204844 13.387375 4.0214844 11.984375 C 4.0234844 7.582375 7.6067656 4 12.009766 4 z M 8.4765625 7.375 C 8.3095625 7.375 8.0395469 7.4375 7.8105469 7.6875 C 7.5815469 7.9365 6.9355469 8.5395781 6.9355469 9.7675781 C 6.9355469 10.995578 7.8300781 12.182609 7.9550781 12.349609 C 8.0790781 12.515609 9.68175 15.115234 12.21875 16.115234 C 14.32675 16.946234 14.754891 16.782234 15.212891 16.740234 C 15.670891 16.699234 16.690438 16.137687 16.898438 15.554688 C 17.106437 14.971687 17.106922 14.470187 17.044922 14.367188 C 16.982922 14.263188 16.816406 14.201172 16.566406 14.076172 C 16.317406 13.951172 15.090328 13.348625 14.861328 13.265625 C 14.632328 13.182625 14.464828 13.140625 14.298828 13.390625 C 14.132828 13.640625 13.655766 14.201187 13.509766 14.367188 C 13.363766 14.534188 13.21875 14.556641 12.96875 14.431641 C 12.71875 14.305641 11.914938 14.041406 10.960938 13.191406 C 10.218937 12.530406 9.7182656 11.714844 9.5722656 11.464844 C 9.4272656 11.215844 9.5585938 11.079078 9.6835938 10.955078 C 9.7955938 10.843078 9.9316406 10.663578 10.056641 10.517578 C 10.180641 10.371578 10.223641 10.267562 10.306641 10.101562 C 10.389641 9.9355625 10.347156 9.7890625 10.285156 9.6640625 C 10.223156 9.5390625 9.737625 8.3065 9.515625 7.8125 C 9.328625 7.3975 9.131125 7.3878594 8.953125 7.3808594 C 8.808125 7.3748594 8.6425625 7.375 8.4765625 7.375 z\"><\/path><\/svg><span class=\"wp-block-social-link-label\">Leon Potthoff (01713022267)<\/span><\/a><\/li><\/ul>\n\n\n\n<hr class=\"wp-block-separator has-alpha-channel-opacity is-style-wide\"\/>\n\n\n\n<hr class=\"wp-block-separator has-alpha-channel-opacity is-style-dots\"\/>\n\n\n\n<div data-wp-context=\"{ &quot;autoclose&quot;: false, &quot;accordionItems&quot;: [] }\" data-wp-interactive=\"core\/accordion\" role=\"group\" class=\"wp-block-accordion is-layout-flow wp-block-accordion-is-layout-flow\">\n<div data-wp-class--is-open=\"state.isOpen\" data-wp-context=\"{ &quot;id&quot;: &quot;accordion-item-1&quot;, &quot;openByDefault&quot;: false }\" data-wp-init=\"callbacks.initAccordionItems\" data-wp-on-window--hashchange=\"callbacks.hashChange\" class=\"wp-block-accordion-item is-layout-flow wp-block-accordion-item-is-layout-flow\">\n<h3 class=\"wp-block-accordion-heading has-text-color has-link-color has-large-font-size wp-elements-1e47a0dae12da84102909202edd28e59\" style=\"color:#003307\"><button aria-expanded=\"false\" aria-controls=\"accordion-item-1-panel\" data-wp-bind--aria-expanded=\"state.isOpen\" data-wp-on--click=\"actions.toggle\" data-wp-on--keydown=\"actions.handleKeyDown\" id=\"accordion-item-1\" type=\"button\" class=\"wp-block-accordion-heading__toggle\"><span class=\"wp-block-accordion-heading__toggle-title\" style=\"text-decoration:underline\">Neuste Beitr\u00e4ge<\/span><span class=\"wp-block-accordion-heading__toggle-icon\" aria-hidden=\"true\">+<\/span><\/button><\/h3>\n\n\n\n<div inert aria-labelledby=\"accordion-item-1\" data-wp-bind--inert=\"!state.isOpen\" id=\"accordion-item-1-panel\" role=\"region\" class=\"wp-block-accordion-panel is-layout-flow wp-block-accordion-panel-is-layout-flow\"><ul class=\"wp-block-latest-posts__list has-dates wp-block-latest-posts\"><li><a class=\"wp-block-latest-posts__post-title\" href=\"https:\/\/schuetzenverein-sudendorf-schierloh.de\/?p=1652\">Scheck\u00fcbergabe an den B\u00fcrgersch\u00fctzenverein Sudendorf-Schierlohe.V.<\/a><time datetime=\"2026-04-09T14:46:37+02:00\" class=\"wp-block-latest-posts__post-date\">9. April 2026<\/time><div class=\"wp-block-latest-posts__post-full-content\"><!-- wp:heading {\"fontSize\":\"large\"} -->\n<h2 class=\"wp-block-heading has-large-font-size\">Scheck\u00fcbergabe an den B\u00fcrgersch\u00fctzenverein Sudendorf-Schierloh<br>e.V.<\/h2>\n<!-- \/wp:heading -->\n\n<!-- wp:heading {\"level\":3} -->\n<h3 class=\"wp-block-heading\">Mit der Zeit gehen \u2013 auf Ver\u00e4nderungen reagieren!<\/h3>\n<!-- \/wp:heading -->\n\n<!-- wp:paragraph -->\n<p>Der B\u00fcrgersch\u00fctzenverein Sudendorf-Schierloh e.V. entwickelt sein sportliches Angebot kontinuierlich weiter und reagiert damit gezielt auf die Interessen j\u00fcngerer Generationen. Neben zwei 50-Meter-Schie\u00dfbahnen betreibt der Verein im eigenen Sch\u00fctzen- und B\u00fcrgerhaus bereits einen modernen Stand f\u00fcr Luftdruck- und Laserwaffen mit drei Bahnen, der zu einem gro\u00dfen Teil von unserer Jugend intensiv genutzt wird. In Kooperation mit dem SC Glandorf wurde das Angebot im Vergangenen Jahr um die<br>Trendsportart Darts erweitert. Insgesamt sechs Steeldartscheiben wurden installiert und stehen den Mitgliedern seitdem zur Verf\u00fcgung. <\/p>\n<!-- \/wp:paragraph -->\n\n<!-- wp:paragraph -->\n<p>Diese Sportart findet gro\u00dfen Anklang, insbesondere bei Jugendlichen und jungen Erwachsenen. Auch Nachwuchsspieler wie Ole Inkrot zeigen sich begeistert und nutzen das neue Angebot mit gro\u00dfer Freude. <\/p>\n<!-- \/wp:paragraph -->\n\n<!-- wp:paragraph -->\n<p>\u201eAlles, was Kinder und Jugendliche von der Stra\u00dfe und vom PC fernh\u00e4lt, gilt es zu unterst\u00fctzen. Mit diesem neuen Angebot gelingt uns das sehr gut.\u201c Das war unser Argument, um die Vereinigte Volksbank eG Bramgau-Osnabr\u00fcck-Wittlage als Hauptsponsor f\u00fcr die Errichtung der Anlagen erfolgreich zu gewinnen. <\/p>\n<!-- \/wp:paragraph -->\n\n<!-- wp:image {\"id\":1653,\"width\":\"578px\",\"height\":\"auto\",\"aspectRatio\":\"1.0700210978862306\",\"sizeSlug\":\"large\",\"linkDestination\":\"media\",\"align\":\"center\"} -->\n<figure class=\"wp-block-image aligncenter size-large is-resized\"><a href=\"https:\/\/schuetzenverein-sudendorf-schierloh.de\/wp-content\/uploads\/2026\/04\/Scheckuebergabe-Jutta-Olbricht-und-Jonas-Pohkmann-scaled.jpg\"><img loading=\"lazy\" decoding=\"async\" width=\"1024\" height=\"957\" src=\"https:\/\/schuetzenverein-sudendorf-schierloh.de\/wp-content\/uploads\/2026\/04\/Scheckuebergabe-Jutta-Olbricht-und-Jonas-Pohkmann-1024x957.jpg\" alt=\"\" class=\"wp-image-1653\" style=\"aspect-ratio:1.0700210978862306;width:578px;height:auto\" srcset=\"https:\/\/schuetzenverein-sudendorf-schierloh.de\/wp-content\/uploads\/2026\/04\/Scheckuebergabe-Jutta-Olbricht-und-Jonas-Pohkmann-1024x957.jpg 1024w, https:\/\/schuetzenverein-sudendorf-schierloh.de\/wp-content\/uploads\/2026\/04\/Scheckuebergabe-Jutta-Olbricht-und-Jonas-Pohkmann-300x280.jpg 300w, https:\/\/schuetzenverein-sudendorf-schierloh.de\/wp-content\/uploads\/2026\/04\/Scheckuebergabe-Jutta-Olbricht-und-Jonas-Pohkmann-768x718.jpg 768w, https:\/\/schuetzenverein-sudendorf-schierloh.de\/wp-content\/uploads\/2026\/04\/Scheckuebergabe-Jutta-Olbricht-und-Jonas-Pohkmann-1536x1436.jpg 1536w, https:\/\/schuetzenverein-sudendorf-schierloh.de\/wp-content\/uploads\/2026\/04\/Scheckuebergabe-Jutta-Olbricht-und-Jonas-Pohkmann-2048x1915.jpg 2048w\" sizes=\"auto, (max-width: 1024px) 100vw, 1024px\" \/><\/a><\/figure>\n<!-- \/wp:image -->\n\n<!-- wp:paragraph {\"align\":\"left\"} -->\n<p class=\"has-text-align-left\">Einen weiteren Sponsor konnten wir nun mit der Lauter-Stiftung erreichen. Im Rahmen eines Besuchs \u00fcberreichten die Kuratoriumsvorsitzende Jutta Olbricht sowie Kuratoriumsmitglied Jonas Pohlmann ihren F\u00f6rderscheck in H\u00f6he von 250 Euro an den Verein. Dabei nutzten beide die Gelegenheit, die neue Sportart selbst auszuprobieren. Schnell wurde deutlich:<\/p>\n<!-- \/wp:paragraph -->\n\n<!-- wp:paragraph {\"align\":\"center\"} -->\n<p class=\"has-text-align-center\">Darts erfordert nicht nur Konzentration, sondern auch ein hohes Ma\u00df an K\u00f6rperbeherrschung.<\/p>\n<!-- \/wp:paragraph -->\n\n<!-- wp:paragraph -->\n<p>Mit der Erweiterung seines Angebots setzt der B\u00fcrgersch\u00fctzenverein ein sch\u00f6nes Zeichen f\u00fcr zeitgem\u00e4\u00dfe Vereinsarbeit und engagierte Jugendarbeit.<\/p>\n<!-- \/wp:paragraph --><\/div><\/li>\n<li><div class=\"wp-block-latest-posts__featured-image\"><img loading=\"lazy\" decoding=\"async\" width=\"609\" height=\"83\" src=\"https:\/\/schuetzenverein-sudendorf-schierloh.de\/wp-content\/uploads\/2025\/12\/Piele-Werver_1.jpg\" class=\"attachment-large size-large wp-post-image\" alt=\"\" style=\"\" srcset=\"https:\/\/schuetzenverein-sudendorf-schierloh.de\/wp-content\/uploads\/2025\/12\/Piele-Werver_1.jpg 609w, https:\/\/schuetzenverein-sudendorf-schierloh.de\/wp-content\/uploads\/2025\/12\/Piele-Werver_1-300x41.jpg 300w, https:\/\/schuetzenverein-sudendorf-schierloh.de\/wp-content\/uploads\/2025\/12\/Piele-Werver_1-600x83.jpg 600w\" sizes=\"auto, (max-width: 609px) 100vw, 609px\" \/><\/div><a class=\"wp-block-latest-posts__post-title\" href=\"https:\/\/schuetzenverein-sudendorf-schierloh.de\/?p=1553\">Einweihung unserer Dartanlage<\/a><time datetime=\"2025-12-14T20:48:00+01:00\" class=\"wp-block-latest-posts__post-date\">14. Dezember 2025<\/time><div class=\"wp-block-latest-posts__post-full-content\"><!-- wp:heading {\"fontSize\":\"large\"} -->\n<h2 class=\"wp-block-heading has-large-font-size\">Einweihung unserer Dartanlage<\/h2>\n<!-- \/wp:heading -->\n\n<!-- wp:paragraph -->\n<p>Im November berichteten wir \u00fcber die Gr\u00fcndung einer neuen Dartsabteilung in Zusammenarbeit mit dem SC Glandorf. Der Sport erfreut sich in unserem Sch\u00fctzenhaus einer stetig steigenden Beliebtheit und Zahl an Spielern. Am 13.12. fand die offizielle Einweihung der Anlage mit der Ausrichtung eines ersten Turnieres statt.<\/p>\n<!-- \/wp:paragraph -->\n\n<!-- wp:image {\"id\":1554,\"sizeSlug\":\"large\",\"linkDestination\":\"none\"} -->\n<figure class=\"wp-block-image size-large\"><img loading=\"lazy\" decoding=\"async\" width=\"1024\" height=\"772\" src=\"https:\/\/schuetzenverein-sudendorf-schierloh.de\/wp-content\/uploads\/2026\/02\/Darts-Gruendung-1024x772.jpg\" alt=\"\" class=\"wp-image-1554\" srcset=\"https:\/\/schuetzenverein-sudendorf-schierloh.de\/wp-content\/uploads\/2026\/02\/Darts-Gruendung-1024x772.jpg 1024w, https:\/\/schuetzenverein-sudendorf-schierloh.de\/wp-content\/uploads\/2026\/02\/Darts-Gruendung-300x226.jpg 300w, https:\/\/schuetzenverein-sudendorf-schierloh.de\/wp-content\/uploads\/2026\/02\/Darts-Gruendung-768x579.jpg 768w, https:\/\/schuetzenverein-sudendorf-schierloh.de\/wp-content\/uploads\/2026\/02\/Darts-Gruendung-1536x1158.jpg 1536w, https:\/\/schuetzenverein-sudendorf-schierloh.de\/wp-content\/uploads\/2026\/02\/Darts-Gruendung-2048x1544.jpg 2048w\" sizes=\"auto, (max-width: 1024px) 100vw, 1024px\" \/><\/figure>\n<!-- \/wp:image --><\/div><\/li>\n<li><div class=\"wp-block-latest-posts__featured-image\"><img loading=\"lazy\" decoding=\"async\" width=\"716\" height=\"132\" src=\"https:\/\/schuetzenverein-sudendorf-schierloh.de\/wp-content\/uploads\/2025\/12\/Glanneruper_Piele-Werver_1.jpg\" class=\"attachment-large size-large wp-post-image\" alt=\"\" style=\"\" srcset=\"https:\/\/schuetzenverein-sudendorf-schierloh.de\/wp-content\/uploads\/2025\/12\/Glanneruper_Piele-Werver_1.jpg 716w, https:\/\/schuetzenverein-sudendorf-schierloh.de\/wp-content\/uploads\/2025\/12\/Glanneruper_Piele-Werver_1-300x55.jpg 300w\" sizes=\"auto, (max-width: 716px) 100vw, 716px\" \/><\/div><a class=\"wp-block-latest-posts__post-title\" href=\"https:\/\/schuetzenverein-sudendorf-schierloh.de\/?p=1479\">Glanneruper Piele-Werver<\/a><time datetime=\"2025-11-09T19:39:31+01:00\" class=\"wp-block-latest-posts__post-date\">9. November 2025<\/time><div class=\"wp-block-latest-posts__post-full-content\"><!-- wp:heading {\"fontSize\":\"large\"} -->\n<h2 class=\"wp-block-heading has-large-font-size\">Glanneruper Piele-Werver<\/h2>\n<!-- \/wp:heading -->\n\n<!-- wp:paragraph -->\n<p>SC Glandorf und BSV Sudendorf-Schierloh unterzeichnen einen Kooperationsvertrag und gr\u00fcnden neue Abteilung f\u00fcr Darts-Sport<\/p>\n<!-- \/wp:paragraph -->\n\n<!-- wp:paragraph -->\n<p>P\u00fcnktlich zur anstehenden Darts-WM wird gestartet. Nach einer langen Planungsphase freuen sich Timo Hengelsheide vom SC Glandorf und Leon Potthoff vom BSV Sudendorf-Schierloh \u00fcber die Gr\u00fcndung einer gemeinsamen Abteilung f\u00fcr den Darts-Sport auf einer extra neu eingerichteten Darts-Bahn im \u201eAlly Pally\u201c in Sudendorf-Schierloh.<\/p>\n<!-- \/wp:paragraph -->\n\n<!-- wp:paragraph -->\n<p>Angesprochen werden Glandorfer aller Altersklassen, die Interesse haben, diesen Sport als Hobby f\u00fcr sich zu entdecken, sowie die, die ihr K\u00f6nnen perfektionieren m\u00f6chten.<\/p>\n<!-- \/wp:paragraph -->\n\n<!-- wp:paragraph -->\n<p>Die Trainingsabende starten am Dienstag dem 02.12.2025 um 19.00 Uhr und werden zuk\u00fcnftig w\u00f6chentlich dienstags von 19.00 Uhr bis 22.00 Uhr im Sch\u00fctzenhaus in Sudendorf-Schierloh angeboten. F\u00fcr die Anf\u00e4nger sind Probepfeile vorhanden.Alle Neugierigen sind zum Er\u00f6ffnungsturnier, verbunden mit einer langen Darts-Nacht am Samstag dem 13.12.2025 ab 19.00 Uhr herzlich eingeladen. Kommt nach Sudendorf, und geniest die einzigartige Atmosph\u00e4re bei Grillwurst und kalten Getr\u00e4nken.<\/p>\n<!-- \/wp:paragraph -->\n\n<!-- wp:paragraph -->\n<p><strong>Abteilungsleiter und Ansprechpartner:<\/strong><\/p>\n<!-- \/wp:paragraph -->\n\n<!-- wp:image {\"id\":1480,\"sizeSlug\":\"full\",\"linkDestination\":\"none\"} -->\n<figure class=\"wp-block-image size-full\"><img loading=\"lazy\" decoding=\"async\" width=\"60\" height=\"70\" src=\"https:\/\/schuetzenverein-sudendorf-schierloh.de\/wp-content\/uploads\/2026\/02\/image.jpeg\" alt=\"\" class=\"wp-image-1480\" \/><\/figure>\n<!-- \/wp:image -->\n\n<!-- wp:paragraph -->\n<p>SC Glandorf:\u00a0\u00a0\u00a0\u00a0\u00a0\u00a0\u00a0\u00a0\u00a0\u00a0\u00a0\u00a0\u00a0\u00a0\u00a0\u00a0\u00a0\u00a0\u00a0\u00a0\u00a0\u00a0\u00a0\u00a0\u00a0 Timo Hengelsheide (WhatsApp 0163-7898892)<\/p>\n<!-- \/wp:paragraph -->\n\n<!-- wp:image {\"id\":1481,\"sizeSlug\":\"full\",\"linkDestination\":\"none\"} -->\n<figure class=\"wp-block-image size-full\"><img loading=\"lazy\" decoding=\"async\" width=\"70\" height=\"70\" src=\"https:\/\/schuetzenverein-sudendorf-schierloh.de\/wp-content\/uploads\/2026\/02\/image-1.jpeg\" alt=\"\" class=\"wp-image-1481\" \/><\/figure>\n<!-- \/wp:image -->\n\n<!-- wp:paragraph -->\n<p>BSV Sudendorf-Schierloh: \u00a0\u00a0\u00a0 Leon Potthoff (WhatsApp 0171-3022267)<\/p>\n<!-- \/wp:paragraph --><\/div><\/li>\n<\/ul><\/div>\n<\/div>\n<\/div>\n","protected":false},"excerpt":{"rendered":"<p>November 2025 SC Glandorf und BSV Sudendorf-Schierloh unterzeichnen einen Kooperationsvertrag und gr\u00fcnden neue Abteilung f\u00fcr Darts-Sport P\u00fcnktlich zur anstehenden Darts-WM wird gestartet. Nach einer langen Planungsphase freuen sich Timo Hengelsheide [&hellip;]<\/p>\n","protected":false},"author":6,"featured_media":1334,"parent":0,"menu_order":0,"comment_status":"closed","ping_status":"closed","template":"","meta":{"ocean_post_layout":"","ocean_both_sidebars_style":"","ocean_both_sidebars_content_width":0,"ocean_both_sidebars_sidebars_width":0,"ocean_sidebar":"","ocean_second_sidebar":"","ocean_disable_margins":"enable","ocean_add_body_class":"","ocean_shortcode_before_top_bar":"","ocean_shortcode_after_top_bar":"","ocean_shortcode_before_header":"","ocean_shortcode_after_header":"","ocean_has_shortcode":"","ocean_shortcode_after_title":"","ocean_shortcode_before_footer_widgets":"","ocean_shortcode_after_footer_widgets":"","ocean_shortcode_before_footer_bottom":"","ocean_shortcode_after_footer_bottom":"","ocean_display_top_bar":"default","ocean_display_header":"default","ocean_header_style":"","ocean_center_header_left_menu":"","ocean_custom_header_template":"","ocean_custom_logo":0,"ocean_custom_retina_logo":0,"ocean_custom_logo_max_width":0,"ocean_custom_logo_tablet_max_width":0,"ocean_custom_logo_mobile_max_width":0,"ocean_custom_logo_max_height":0,"ocean_custom_logo_tablet_max_height":0,"ocean_custom_logo_mobile_max_height":0,"ocean_header_custom_menu":"","ocean_menu_typo_font_family":"","ocean_menu_typo_font_subset":"","ocean_menu_typo_font_size":0,"ocean_menu_typo_font_size_tablet":0,"ocean_menu_typo_font_size_mobile":0,"ocean_menu_typo_font_size_unit":"px","ocean_menu_typo_font_weight":"","ocean_menu_typo_font_weight_tablet":"","ocean_menu_typo_font_weight_mobile":"","ocean_menu_typo_transform":"","ocean_menu_typo_transform_tablet":"","ocean_menu_typo_transform_mobile":"","ocean_menu_typo_line_height":0,"ocean_menu_typo_line_height_tablet":0,"ocean_menu_typo_line_height_mobile":0,"ocean_menu_typo_line_height_unit":"","ocean_menu_typo_spacing":0,"ocean_menu_typo_spacing_tablet":0,"ocean_menu_typo_spacing_mobile":0,"ocean_menu_typo_spacing_unit":"","ocean_menu_link_color":"","ocean_menu_link_color_hover":"","ocean_menu_link_color_active":"","ocean_menu_link_background":"","ocean_menu_link_hover_background":"","ocean_menu_link_active_background":"","ocean_menu_social_links_bg":"","ocean_menu_social_hover_links_bg":"","ocean_menu_social_links_color":"","ocean_menu_social_hover_links_color":"","ocean_disable_title":"default","ocean_disable_heading":"default","ocean_post_title":"","ocean_post_subheading":"","ocean_post_title_style":"","ocean_post_title_background_color":"","ocean_post_title_background":0,"ocean_post_title_bg_image_position":"","ocean_post_title_bg_image_attachment":"","ocean_post_title_bg_image_repeat":"","ocean_post_title_bg_image_size":"","ocean_post_title_height":0,"ocean_post_title_bg_overlay":0.5,"ocean_post_title_bg_overlay_color":"","ocean_disable_breadcrumbs":"default","ocean_breadcrumbs_color":"","ocean_breadcrumbs_separator_color":"","ocean_breadcrumbs_links_color":"","ocean_breadcrumbs_links_hover_color":"","ocean_display_footer_widgets":"default","ocean_display_footer_bottom":"default","ocean_custom_footer_template":"","footnotes":""},"class_list":["post-1333","page","type-page","status-publish","has-post-thumbnail","hentry","entry","has-media"],"_links":{"self":[{"href":"https:\/\/schuetzenverein-sudendorf-schierloh.de\/index.php?rest_route=\/wp\/v2\/pages\/1333","targetHints":{"allow":["GET"]}}],"collection":[{"href":"https:\/\/schuetzenverein-sudendorf-schierloh.de\/index.php?rest_route=\/wp\/v2\/pages"}],"about":[{"href":"https:\/\/schuetzenverein-sudendorf-schierloh.de\/index.php?rest_route=\/wp\/v2\/types\/page"}],"author":[{"embeddable":true,"href":"https:\/\/schuetzenverein-sudendorf-schierloh.de\/index.php?rest_route=\/wp\/v2\/users\/6"}],"replies":[{"embeddable":true,"href":"https:\/\/schuetzenverein-sudendorf-schierloh.de\/index.php?rest_route=%2Fwp%2Fv2%2Fcomments&post=1333"}],"version-history":[{"count":17,"href":"https:\/\/schuetzenverein-sudendorf-schierloh.de\/index.php?rest_route=\/wp\/v2\/pages\/1333\/revisions"}],"predecessor-version":[{"id":1622,"href":"https:\/\/schuetzenverein-sudendorf-schierloh.de\/index.php?rest_route=\/wp\/v2\/pages\/1333\/revisions\/1622"}],"wp:featuredmedia":[{"embeddable":true,"href":"https:\/\/schuetzenverein-sudendorf-schierloh.de\/index.php?rest_route=\/wp\/v2\/media\/1334"}],"wp:attachment":[{"href":"https:\/\/schuetzenverein-sudendorf-schierloh.de\/index.php?rest_route=%2Fwp%2Fv2%2Fmedia&parent=1333"}],"curies":[{"name":"wp","href":"https:\/\/api.w.org\/{rel}","templated":true}]}}