{"id":1380,"date":"2026-01-17T19:40:55","date_gmt":"2026-01-17T18:40:55","guid":{"rendered":"https:\/\/staging.schuetzenverein-sudendorf-schierloh.de\/?page_id=1380"},"modified":"2026-01-18T11:23:43","modified_gmt":"2026-01-18T10:23:43","slug":"schuetzenverein-sudendorf-schierloh","status":"publish","type":"page","link":"https:\/\/schuetzenverein-sudendorf-schierloh.de\/","title":{"rendered":"Sch\u00fctzenverein Sudendorf-Schierloh"},"content":{"rendered":"\n<h2 class=\"wp-block-heading\" style=\"font-size:28px\">Herzlich willkommen beim Sch\u00fctzenverein Sudendorf-Schierloh!<\/h2>\n\n\n\n<p>Wir stehen f\u00fcr <strong>Tradition, Sport und Gemeinschaft<\/strong>. Bei uns finden Sch\u00fctzinnen und Sch\u00fctzen jeden Alters eine Heimat \u2013 vom Einsteiger bis zum erfahrenen Wettkampfsch\u00fctzen.<\/p>\n\n\n\n<p class=\"has-text-color has-link-color wp-elements-f0c79437444b37dfa9d8a29e72b89280\" style=\"color:#003307\">Informiere Dich \u00fcber unseren Verein, unsere Termine und Aktivit\u00e4ten oder besuche uns direkt vor Ort.<br><strong>Sch\u00f6n, dass Du da bist!<\/strong><\/p>\n\n\n\n<p><\/p>\n\n\n\n<p><\/p>\n\n\n\n<p><\/p>\n\n\n\n<p><\/p>\n\n\n\n<p><\/p>\n\n\n\n<p><\/p>\n\n\n\n<p><\/p>\n\n\n\n<p><\/p>\n\n\n\n<p><\/p>\n\n\n\n<p><\/p>\n\n\n\n<hr class=\"wp-block-separator has-alpha-channel-opacity\"\/>\n\n\n\n<h3 class=\"wp-block-heading\">Deine Meinung ist uns wichtig!<\/h3>\n\n\n\n<p>Unsere Webseite lebt von den Menschen, die sie nutzen. Deshalb freuen wir uns sehr \u00fcber dein <strong>Feedback, Anregungen oder Verbesserungsvorschl\u00e4ge<\/strong>.<\/p>\n\n\n\n<p>Was gef\u00e4llt dir besonders gut?<br>Fehlt dir etwas oder hast du Ideen, wie wir unsere Webseite noch besser machen k\u00f6nnen?<\/p>\n\n\n\n<p>Nutze daf\u00fcr einfach den <strong>Kommentarbereich unten auf der Seite<\/strong> und teile deine Meinung mit uns. Dein Feedback hilft uns, Inhalte und Informationen stetig zu verbessern.<\/p>\n\n\n\n<p>Vielen Dank f\u00fcrs Mitmachen!<\/p>\n","protected":false},"excerpt":{"rendered":"<p>Herzlich willkommen beim Sch\u00fctzenverein Sudendorf-Schierloh! Wir stehen f\u00fcr Tradition, Sport und Gemeinschaft. Bei uns finden Sch\u00fctzinnen und Sch\u00fctzen jeden Alters eine Heimat \u2013 vom Einsteiger bis zum erfahrenen Wettkampfsch\u00fctzen. Informiere [&hellip;]<\/p>\n","protected":false},"author":6,"featured_media":0,"parent":0,"menu_order":0,"comment_status":"open","ping_status":"closed","template":"","meta":{"ocean_post_layout":"","ocean_both_sidebars_style":"","ocean_both_sidebars_content_width":0,"ocean_both_sidebars_sidebars_width":0,"ocean_sidebar":"","ocean_second_sidebar":"","ocean_disable_margins":"enable","ocean_add_body_class":"","ocean_shortcode_before_top_bar":"","ocean_shortcode_after_top_bar":"","ocean_shortcode_before_header":"","ocean_shortcode_after_header":"","ocean_has_shortcode":"","ocean_shortcode_after_title":"","ocean_shortcode_before_footer_widgets":"","ocean_shortcode_after_footer_widgets":"","ocean_shortcode_before_footer_bottom":"","ocean_shortcode_after_footer_bottom":"","ocean_display_top_bar":"default","ocean_display_header":"default","ocean_header_style":"","ocean_center_header_left_menu":"","ocean_custom_header_template":"","ocean_custom_logo":0,"ocean_custom_retina_logo":0,"ocean_custom_logo_max_width":0,"ocean_custom_logo_tablet_max_width":0,"ocean_custom_logo_mobile_max_width":0,"ocean_custom_logo_max_height":0,"ocean_custom_logo_tablet_max_height":0,"ocean_custom_logo_mobile_max_height":0,"ocean_header_custom_menu":"","ocean_menu_typo_font_family":"","ocean_menu_typo_font_subset":"","ocean_menu_typo_font_size":0,"ocean_menu_typo_font_size_tablet":0,"ocean_menu_typo_font_size_mobile":0,"ocean_menu_typo_font_size_unit":"px","ocean_menu_typo_font_weight":"","ocean_menu_typo_font_weight_tablet":"","ocean_menu_typo_font_weight_mobile":"","ocean_menu_typo_transform":"","ocean_menu_typo_transform_tablet":"","ocean_menu_typo_transform_mobile":"","ocean_menu_typo_line_height":0,"ocean_menu_typo_line_height_tablet":0,"ocean_menu_typo_line_height_mobile":0,"ocean_menu_typo_line_height_unit":"","ocean_menu_typo_spacing":0,"ocean_menu_typo_spacing_tablet":0,"ocean_menu_typo_spacing_mobile":0,"ocean_menu_typo_spacing_unit":"","ocean_menu_link_color":"","ocean_menu_link_color_hover":"","ocean_menu_link_color_active":"","ocean_menu_link_background":"","ocean_menu_link_hover_background":"","ocean_menu_link_active_background":"","ocean_menu_social_links_bg":"","ocean_menu_social_hover_links_bg":"","ocean_menu_social_links_color":"","ocean_menu_social_hover_links_color":"","ocean_disable_title":"default","ocean_disable_heading":"default","ocean_post_title":"","ocean_post_subheading":"","ocean_post_title_style":"","ocean_post_title_background_color":"","ocean_post_title_background":0,"ocean_post_title_bg_image_position":"","ocean_post_title_bg_image_attachment":"","ocean_post_title_bg_image_repeat":"","ocean_post_title_bg_image_size":"","ocean_post_title_height":0,"ocean_post_title_bg_overlay":0.5,"ocean_post_title_bg_overlay_color":"","ocean_disable_breadcrumbs":"default","ocean_breadcrumbs_color":"","ocean_breadcrumbs_separator_color":"","ocean_breadcrumbs_links_color":"","ocean_breadcrumbs_links_hover_color":"","ocean_display_footer_widgets":"default","ocean_display_footer_bottom":"default","ocean_custom_footer_template":"","footnotes":""},"class_list":["post-1380","page","type-page","status-publish","hentry","entry"],"_links":{"self":[{"href":"https:\/\/schuetzenverein-sudendorf-schierloh.de\/index.php?rest_route=\/wp\/v2\/pages\/1380","targetHints":{"allow":["GET"]}}],"collection":[{"href":"https:\/\/schuetzenverein-sudendorf-schierloh.de\/index.php?rest_route=\/wp\/v2\/pages"}],"about":[{"href":"https:\/\/schuetzenverein-sudendorf-schierloh.de\/index.php?rest_route=\/wp\/v2\/types\/page"}],"author":[{"embeddable":true,"href":"https:\/\/schuetzenverein-sudendorf-schierloh.de\/index.php?rest_route=\/wp\/v2\/users\/6"}],"replies":[{"embeddable":true,"href":"https:\/\/schuetzenverein-sudendorf-schierloh.de\/index.php?rest_route=%2Fwp%2Fv2%2Fcomments&post=1380"}],"version-history":[{"count":11,"href":"https:\/\/schuetzenverein-sudendorf-schierloh.de\/index.php?rest_route=\/wp\/v2\/pages\/1380\/revisions"}],"predecessor-version":[{"id":1421,"href":"https:\/\/schuetzenverein-sudendorf-schierloh.de\/index.php?rest_route=\/wp\/v2\/pages\/1380\/revisions\/1421"}],"wp:attachment":[{"href":"https:\/\/schuetzenverein-sudendorf-schierloh.de\/index.php?rest_route=%2Fwp%2Fv2%2Fmedia&parent=1380"}],"curies":[{"name":"wp","href":"https:\/\/api.w.org\/{rel}","templated":true}]}}